{"id":7225,"date":"2025-05-08T00:26:36","date_gmt":"2025-05-07T22:26:36","guid":{"rendered":"https:\/\/ared-edu.org\/?page_id=7225"},"modified":"2025-09-28T14:42:01","modified_gmt":"2025-09-28T12:42:01","slug":"pastoralism","status":"publish","type":"page","link":"https:\/\/ared-edu.org\/en\/pastoralism\/","title":{"rendered":"Pastoralism"},"content":{"rendered":"<div data-elementor-type=\"page\" data-elementor-id=\"7225\" class=\"elementor elementor-7225\" data-elementor-post-type=\"page\">\n\t\t\t\t<div data-particle_enable=\"false\" data-particle-mobile-disabled=\"false\" class=\"elementor-element elementor-element-c997d0b e-flex e-con-boxed e-con e-parent\" data-id=\"c997d0b\" data-element_type=\"container\">\n\t\t\t\t\t<div class=\"e-con-inner\">\n\t\t\t\t<div class=\"elementor-element elementor-element-ca56d69 text-center elementor-widget elementor-widget-tp-heading-title\" data-id=\"ca56d69\" data-element_type=\"widget\" data-widget_type=\"tp-heading-title.default\">\n\t\t\t\t<div class=\"elementor-widget-container\">\n\t\t\t\t\t<div class=\"heading heading_style heading_style69d8533a94f58 style-1\" ><div class=\"sub-style\" ><div class=\"head-title\" > <h1  class=\"heading-title\"  data-hover=\"Pastoralisme\">Pastoralism<span class=\"title-s\">  <\/span><\/h1><\/div><\/div><\/div>\t\t\t\t<\/div>\n\t\t\t\t<\/div>\n\t\t\t\t<div class=\"elementor-element elementor-element-5ec2cc8 elementor-widget elementor-widget-image\" data-id=\"5ec2cc8\" data-element_type=\"widget\" data-settings=\"{&quot;_animation&quot;:&quot;none&quot;}\" data-widget_type=\"image.default\">\n\t\t\t\t<div class=\"elementor-widget-container\">\n\t\t\t\t\t\t\t\t\t\t\t\t\t\t\t<img loading=\"lazy\" decoding=\"async\" width=\"1024\" height=\"724\" src=\"https:\/\/ared-edu.org\/wp-content\/uploads\/2025\/05\/4.Embouche-urbaine-1-1024x724.jpg\" class=\"attachment-large size-large wp-image-8290\" alt=\"\" srcset=\"https:\/\/ared-edu.org\/wp-content\/uploads\/2025\/05\/4.Embouche-urbaine-1-1024x724.jpg 1024w, https:\/\/ared-edu.org\/wp-content\/uploads\/2025\/05\/4.Embouche-urbaine-1-300x212.jpg 300w, https:\/\/ared-edu.org\/wp-content\/uploads\/2025\/05\/4.Embouche-urbaine-1-768x543.jpg 768w, https:\/\/ared-edu.org\/wp-content\/uploads\/2025\/05\/4.Embouche-urbaine-1-18x12.jpg 18w, https:\/\/ared-edu.org\/wp-content\/uploads\/2025\/05\/4.Embouche-urbaine-1.jpg 1181w\" sizes=\"auto, (max-width: 1024px) 100vw, 1024px\" \/>\t\t\t\t\t\t\t\t\t\t\t\t\t\t\t<\/div>\n\t\t\t\t<\/div>\n\t\t\t\t\t<\/div>\n\t\t\t\t<\/div>\n\t\t<div data-particle_enable=\"false\" data-particle-mobile-disabled=\"false\" class=\"elementor-element elementor-element-84964e2 e-flex e-con-boxed e-con e-parent\" data-id=\"84964e2\" data-element_type=\"container\">\n\t\t\t\t\t<div class=\"e-con-inner\">\n\t\t\t\t<div class=\"elementor-element elementor-element-29fa4c9 elementor-widget elementor-widget-tp-adv-text-block\" data-id=\"29fa4c9\" data-element_type=\"widget\" data-widget_type=\"tp-adv-text-block.default\">\n\t\t\t\t<div class=\"elementor-widget-container\">\n\t\t\t\t\t<div class=\"pt-plus-text-block-wrapper\" ><div class=\"text_block_parallax\"><div class=\"pt_plus_adv_text_block\" ><div class=\"text-content-block\"><p><span style=\"font-weight: 400\">Pastoralism is one of ARED's core activities, with the aim of supporting pastoral communities in the valorization of their knowledge and the strengthening of their capacities. ARED works alongside breeders and local players to support equitable and sustainable resource management, in contexts marked by environmental, economic and social change.<\/span><\/p><p><span style=\"font-weight: 400\">In this project, ARED is involved in two major initiatives:<\/span><\/p><ul><li style=\"font-weight: 400\"><span style=\"font-weight: 400\">\u25cf\tThe Support Project for Populations Affected by the Sahelian Crisis (APAC)<\/span><\/li><li style=\"font-weight: 400\"><span style=\"font-weight: 400\">\u25cf\tThe Economic Development Project for the Agro-Pastoral Sector and Common Governance of Territories (PROACT)<\/span><\/li><\/ul><p><span style=\"font-weight: 400\">Our interventions focus on the training of facilitators, as well as on the facilitation and active participation in local workshops, with the goal of strengthening local capacities and promoting collective and sustainable management of natural resources in support of livestock management.<\/span><\/p><\/div><\/div><\/div><\/div>\t\t\t\t<\/div>\n\t\t\t\t<\/div>\n\t\t\t\t\t<\/div>\n\t\t\t\t<\/div>\n\t\t\t\t<\/div>","protected":false},"excerpt":{"rendered":"<p>Pastoralisme Le pastoralisme est une activit\u00e9 propre \u00e0 ARED, qui a pour but d&rsquo;accompagner les communaut\u00e9s pastorales dans la valorisation de leurs savoirs et le renforcement de leurs capacit\u00e9s. ARED [&hellip;]<\/p>","protected":false},"author":1,"featured_media":0,"parent":0,"menu_order":0,"comment_status":"closed","ping_status":"closed","template":"elementor_header_footer","meta":{"give_campaign_id":0,"_eb_attr":"","footnotes":""},"class_list":["post-7225","page","type-page","status-publish","hentry"],"blocksy_meta":[],"campaignId":"","_links":{"self":[{"href":"https:\/\/ared-edu.org\/en\/wp-json\/wp\/v2\/pages\/7225","targetHints":{"allow":["GET"]}}],"collection":[{"href":"https:\/\/ared-edu.org\/en\/wp-json\/wp\/v2\/pages"}],"about":[{"href":"https:\/\/ared-edu.org\/en\/wp-json\/wp\/v2\/types\/page"}],"author":[{"embeddable":true,"href":"https:\/\/ared-edu.org\/en\/wp-json\/wp\/v2\/users\/1"}],"replies":[{"embeddable":true,"href":"https:\/\/ared-edu.org\/en\/wp-json\/wp\/v2\/comments?post=7225"}],"version-history":[{"count":13,"href":"https:\/\/ared-edu.org\/en\/wp-json\/wp\/v2\/pages\/7225\/revisions"}],"predecessor-version":[{"id":8439,"href":"https:\/\/ared-edu.org\/en\/wp-json\/wp\/v2\/pages\/7225\/revisions\/8439"}],"wp:attachment":[{"href":"https:\/\/ared-edu.org\/en\/wp-json\/wp\/v2\/media?parent=7225"}],"curies":[{"name":"wp","href":"https:\/\/api.w.org\/{rel}","templated":true}]}}