{"id":6778,"date":"2025-05-05T04:52:09","date_gmt":"2025-05-05T02:52:09","guid":{"rendered":"https:\/\/ared-edu.org\/?page_id=6778"},"modified":"2025-05-05T04:57:46","modified_gmt":"2025-05-05T02:57:46","slug":"vision","status":"publish","type":"page","link":"https:\/\/ared-edu.org\/en\/vision\/","title":{"rendered":"Vision"},"content":{"rendered":"<div data-elementor-type=\"page\" data-elementor-id=\"6778\" class=\"elementor elementor-6778\" data-elementor-post-type=\"page\">\n\t\t\t\t<div data-particle_enable=\"false\" data-particle-mobile-disabled=\"false\" class=\"elementor-element elementor-element-14a380a1 e-con-full e-flex e-con e-parent\" data-id=\"14a380a1\" data-element_type=\"container\" data-settings=\"{&quot;background_background&quot;:&quot;classic&quot;}\">\n\t\t\t\t<div class=\"elementor-element elementor-element-6a54e937 text-center elementor-widget elementor-widget-tp-heading-title\" data-id=\"6a54e937\" data-element_type=\"widget\" data-settings=\"{&quot;_animation&quot;:&quot;none&quot;}\" data-widget_type=\"tp-heading-title.default\">\n\t\t\t\t<div class=\"elementor-widget-container\">\n\t\t\t\t\t<div class=\"heading heading_style heading_style69df2fcab46ee style-2\" ><div class=\"sub-style\" ><div class=\"head-title\" > <h1  class=\"heading-title\"  data-hover=\"Notre Vision\">Our vision<\/h1><\/div><div class=\"sub-heading\"><h3 class=\"heading-sub-title\"> Building an inclusive society by promoting endogenous languages and knowledge. <\/h3><\/div><\/div><\/div>\t\t\t\t<\/div>\n\t\t\t\t<\/div>\n\t\t\t\t<\/div>\n\t\t<div data-particle_enable=\"false\" data-particle-mobile-disabled=\"false\" class=\"elementor-element elementor-element-207a68a6 e-flex e-con-boxed e-con e-parent\" data-id=\"207a68a6\" data-element_type=\"container\">\n\t\t\t\t\t<div class=\"e-con-inner\">\n\t\t<div data-particle_enable=\"false\" data-particle-mobile-disabled=\"false\" class=\"elementor-element elementor-element-73fa0033 e-con-full e-flex e-con e-child\" data-id=\"73fa0033\" data-element_type=\"container\">\n\t\t\t\t<div class=\"elementor-element elementor-element-1062d580 text-left elementor-widget-tablet__width-inherit elementor-widget-mobile__width-initial elementor-widget elementor-widget-tp-heading-title\" data-id=\"1062d580\" data-element_type=\"widget\" data-settings=\"{&quot;_animation&quot;:&quot;none&quot;}\" data-widget_type=\"tp-heading-title.default\">\n\t\t\t\t<div class=\"elementor-widget-container\">\n\t\t\t\t\t<div class=\"heading heading_style heading_style69df2fcab4ea6 style-4\" ><div class=\"sub-style\" ><div class=\"head-title\" > <h2  class=\"heading-title\"  data-hover=\"Notre Vision\">Our vision<\/h2><div class=\"seprator sep-l\" ><span class=\"title-sep sep-l\" ><\/span><span class=\"title-sep sep-r\" ><\/span><\/div><\/div><\/div><\/div>\t\t\t\t<\/div>\n\t\t\t\t<\/div>\n\t\t\t\t<div class=\"elementor-element elementor-element-1bf4eaad elementor-widget elementor-widget-tp-adv-text-block\" data-id=\"1bf4eaad\" data-element_type=\"widget\" data-settings=\"{&quot;_animation&quot;:&quot;none&quot;}\" data-widget_type=\"tp-adv-text-block.default\">\n\t\t\t\t<div class=\"elementor-widget-container\">\n\t\t\t\t\t<div class=\"pt-plus-text-block-wrapper\" ><div class=\"text_block_parallax\"><div class=\"pt_plus_adv_text_block\" ><div class=\"text-content-block\"><p><em>African communities contribute to the equitable and sustainable development of the continent through quality education based on the use of their own languages.<\/em><\/p><\/div><\/div><\/div><\/div>\t\t\t\t<\/div>\n\t\t\t\t<\/div>\n\t\t\t\t<\/div>\n\t\t<div data-particle_enable=\"false\" data-particle-mobile-disabled=\"false\" class=\"elementor-element elementor-element-1177f6e9 e-con-full e-flex e-con e-child\" data-id=\"1177f6e9\" data-element_type=\"container\" data-settings=\"{&quot;background_background&quot;:&quot;classic&quot;}\">\n\t\t\t\t<\/div>\n\t\t\t\t\t<\/div>\n\t\t\t\t<\/div>\n\t\t<div data-particle_enable=\"false\" data-particle-mobile-disabled=\"false\" class=\"elementor-element elementor-element-76667e31 e-con-full e-flex e-con e-parent\" data-id=\"76667e31\" data-element_type=\"container\" data-settings=\"{&quot;background_background&quot;:&quot;classic&quot;}\">\n\t\t\t\t<div class=\"elementor-element elementor-element-61b1a50c elementor-widget elementor-widget-heading\" data-id=\"61b1a50c\" data-element_type=\"widget\" data-widget_type=\"heading.default\">\n\t\t\t\t<div class=\"elementor-widget-container\">\n\t\t\t\t\t<h2 class=\"elementor-heading-title elementor-size-default\">Support our work<\/h2>\t\t\t\t<\/div>\n\t\t\t\t<\/div>\n\t\t\t\t<div class=\"elementor-element elementor-element-3e01e890 elementor-widget elementor-widget-text-editor\" data-id=\"3e01e890\" data-element_type=\"widget\" data-widget_type=\"text-editor.default\">\n\t\t\t\t<div class=\"elementor-widget-container\">\n\t\t\t\t\t\t\t\t\t<p>ARED works for inclusive education in West Africa. Help us extend our impact in local communities!<\/p>\t\t\t\t\t\t\t\t<\/div>\n\t\t\t\t<\/div>\n\t\t<div data-particle_enable=\"false\" data-particle-mobile-disabled=\"false\" class=\"elementor-element elementor-element-67409436 e-con-full e-flex e-con e-child\" data-id=\"67409436\" data-element_type=\"container\" data-settings=\"{&quot;background_background&quot;:&quot;classic&quot;}\">\n\t\t<div data-particle_enable=\"false\" data-particle-mobile-disabled=\"false\" class=\"elementor-element elementor-element-a27a993 e-grid e-con-full e-con e-child\" data-id=\"a27a993\" data-element_type=\"container\" data-settings=\"{&quot;background_background&quot;:&quot;classic&quot;}\">\n\t\t\t\t<div class=\"elementor-element elementor-element-674875ab elementor-widget elementor-widget-heading\" data-id=\"674875ab\" data-element_type=\"widget\" data-widget_type=\"heading.default\">\n\t\t\t\t<div class=\"elementor-widget-container\">\n\t\t\t\t\t<h2 class=\"elementor-heading-title elementor-size-default\">YOUR DONATION FOR EDUCATION IN AFRICAN LANGUAGES<\/h2>\t\t\t\t<\/div>\n\t\t\t\t<\/div>\n\t\t\t\t<div class=\"elementor-element elementor-element-575719c9 elementor-widget elementor-widget-ucaddon_vertical_curve_timeline\" data-id=\"575719c9\" data-element_type=\"widget\" data-widget_type=\"ucaddon_vertical_curve_timeline.default\">\n\t\t\t\t<div class=\"elementor-widget-container\">\n\t\t\t\t\t\n<!-- start Vertical Curved Timeline -->\n\t\t<link id='font-awesome-css' href='https:\/\/ared-edu.org\/wp-content\/plugins\/unlimited-elements-for-elementor-premium\/assets_libraries\/font-awesome6\/fontawesome-all.min.css' type='text\/css' rel='stylesheet' >\n\t\t<link id='font-awesome-4-shim-css' href='https:\/\/ared-edu.org\/wp-content\/plugins\/unlimited-elements-for-elementor-premium\/assets_libraries\/font-awesome6\/fontawesome-v4-shims.min.css' type='text\/css' rel='stylesheet' >\n\n<style>\/* widget: Vertical Curved Timeline *\/\n\n#uc_vertical_curve_timeline_elementor_575719c9.ue-container{\n    \twidth: 100%;\n    \tdisplay: flex;\n    \talign-items: center;\n  }\n\n  \/* Timeline Container *\/\n\n#uc_vertical_curve_timeline_elementor_575719c9 .ue-timeline {\n    width:100%;\n    \/*margin: 20px auto;\n    padding: 20px;*\/\n  \tmargin: 0 auto;\n  \tpadding: 0 20px;\n  }\n\n#uc_vertical_curve_timeline_elementor_575719c9 .ue-item-image{\n  overflow:hidden;\n  \/*border:solid 1px #000;*\/\n}\n\n#uc_vertical_curve_timeline_elementor_575719c9 .ue-item-image img{\n  \/*object-fit: cover;*\/\n  width:100%;\n  height: 100%;\n  transition:0.3s;\n}\n\n\/*#uc_vertical_curve_timeline_elementor_575719c9 .ue-item-image:nth-child(even) {\n    align-items: right;\n}*\/\n  \n  \/* Card container *\/\n#uc_vertical_curve_timeline_elementor_575719c9 .ue-card {\n    position: relative;\n    display: flex;\n  }\n  \n#uc_vertical_curve_timeline_elementor_575719c9 .ue-slno{\n    \/*height: 50px;\n    width: 50px;*\/\n    border-radius: 50%;\n    \/*background: #000;\n    color: #fff;*\/\n    position: absolute;\n    top: 50%;\n    left: 0;\n    transform: translate(-50%, -50%);\n    display: grid;\n    place-content: center;\n  }\n\n  \/* setting padding based on even or odd *\/\n#uc_vertical_curve_timeline_elementor_575719c9 .ue-card:nth-child(odd) {\n    padding: 30px 0 30px 30px;\n  }\n#uc_vertical_curve_timeline_elementor_575719c9 .ue-card:nth-child(even) {\n    padding: 30px 30px 30px 0;\n  }\n  \/* Global ::before *\/\n#uc_vertical_curve_timeline_elementor_575719c9 .ue-card::before {\n    content: \"\";\n    position: absolute;\n    width: 50%;\n    \/*border: solid #000;*\/\n  }\n  \n  \/* Setting the border of top, bottom, left *\/\n#uc_vertical_curve_timeline_elementor_575719c9 .ue-card:nth-child(odd)::before {\n    left: 0px;\n    top: -5px;\n    bottom: -5px;\n    border-width: 5px 0 5px 5px;\n    border-radius: 20px 0 0 20px;\n  }\n  \n  \/* Setting the top and bottom to \"-5px\" because earlier it was out of a pixel in mobile devices *\/\n  @media only screen and (max-width: 400px) {\n#uc_vertical_curve_timeline_elementor_575719c9 .ue-card:nth-child(odd)::before {\n      top: -5px;\n      bottom: -5px;\n    }\n  }\n  \n  \/* Setting the border of top, bottom, right *\/\n#uc_vertical_curve_timeline_elementor_575719c9 .ue-card:nth-child(even)::before {\n    right: 0;\n    top: 0;\n    bottom: 0;\n    border-width: 5px 5px 5px 0;\n    border-radius: 0 20px 20px 0;\n  }\n  \n  \/* Removing the border if it is the first card *\/\n#uc_vertical_curve_timeline_elementor_575719c9 .ue-card:first-child::before {\n    border-top: 0;\n    border-top-left-radius: 0;\n  }\n  \n  \/* Removing the border if it is the last card  and it's odd *\/\n#uc_vertical_curve_timeline_elementor_575719c9 .ue-card:last-child:nth-child(odd)::before {\n    border-bottom: 0;\n    border-bottom-left-radius: 0;\n  }\n  \n  \/* Removing the border if it is the last card  and it's even *\/\n#uc_vertical_curve_timeline_elementor_575719c9 .ue-card:last-child:nth-child(even)::before {\n    border-bottom: 0;\n    border-bottom-right-radius: 0;\n  }\n  \n  \/* Information about the timeline *\/\n#uc_vertical_curve_timeline_elementor_575719c9 .ue-info {\n    display: flex;\n    flex-direction: column;\n    \/*color: #000;*\/\n    border-radius: 10px;\n    padding: 10px;\n    width: 100%;\n  }\n  \n  \/* Title of the card *\/\n#uc_vertical_curve_timeline_elementor_575719c9 .ue-title {\n    \/*color: #000;*\/\n    position: relative;\n  }\n  \n  \/* Timeline dot  *\/\n  \n  \/* text right if the card is even  *\/\n#uc_vertical_curve_timeline_elementor_575719c9 .ue-card:nth-child(even) {\n    text-align: right;\n  }\n\n#uc_vertical_curve_timeline_elementor_575719c9 .ue-card:nth-child(even) .ue-item-image{\n    margin-left: auto;\n  }\n  \n#uc_vertical_curve_timeline_elementor_575719c9 .ue-card:nth-child(even) .ue-info{\n    padding-right: 20px;\n    margin-left: auto;\n  }\n  \n#uc_vertical_curve_timeline_elementor_575719c9 .ue-card:nth-child(odd) .ue-info{\n    padding-left: 20px;\n  }\n\n  \/* setting dot to the left if the card is odd *\/\n#uc_vertical_curve_timeline_elementor_575719c9 .ue-card:nth-child(odd) > .ue-info > .ue-title::before {\n    left: -45px;\n  }\n  \n#uc_vertical_curve_timeline_elementor_575719c9 .ue-card:nth-child(even) > .ue-slno{\n    right: 0%;\n    left: auto;\n    transform: translate(50%, -50%);\n  \tmargin-right:2px;\n  }\n\n#uc_vertical_curve_timeline_elementor_575719c9 .ue-card:nth-child(odd) > .ue-slno{\n  \tmargin-left:2px;\n  }\n\n#uc_vertical_curve_timeline_elementor_575719c9 .ue-card:nth-child(1)::before{\n    height: 50%;\n    top: auto;\n  }\n\n#uc_vertical_curve_timeline_elementor_575719c9 .ue-card:last-child::before{\n    height: 50%;\n  }\n\n#uc_vertical_curve_timeline_elementor_575719c9 .ue-button-link{\n\twidth:fit-content;\n  \tz-index: 100;\n}\n\n#uc_vertical_curve_timeline_elementor_575719c9 .ue-card:nth-child(even) .ue-button-link {\n    margin-left:auto;\n  }\n\n<\/style>\n\n<div class=\"ue-container\" id=\"uc_vertical_curve_timeline_elementor_575719c9\">\n        <div class=\"ue-timeline\">\n            <div class=\"ue-outer\">\n              \n               <div class=\"ue-card elementor-repeater-item-593f652\">\n  \n\t<div class=\"ue-slno\">\n      1                  \n  \t<\/div>\n    <div class=\"ue-info\">\n      \n      \t      \t\t    \t      \t\n      \t<h3 class=\"ue-title\">[ XOF 5 000 ]   <\/h3>      \t        <div class=\"ue-description\"><\/div>      \t      \t\t      \t    <\/div>\n<\/div>\n<div class=\"ue-card elementor-repeater-item-bc0ba0c\">\n  \n\t<div class=\"ue-slno\">\n      2                  \n  \t<\/div>\n    <div class=\"ue-info\">\n      \n      \t      \t\t    \t      \t\n      \t<h3 class=\"ue-title\">[ XOF 10 000 ]   <\/h3>      \t        <div class=\"ue-description\"><\/div>      \t      \t\t      \t    <\/div>\n<\/div>\n<div class=\"ue-card elementor-repeater-item-1b98ebf\">\n  \n\t<div class=\"ue-slno\">\n      3                  \n  \t<\/div>\n    <div class=\"ue-info\">\n      \n      \t      \t\t    \t      \t\n      \t<h3 class=\"ue-title\">[ XOF 25 000 ]<\/h3>      \t        <div class=\"ue-description\"><\/div>      \t      \t\t      \t    <\/div>\n<\/div>\n<div class=\"ue-card elementor-repeater-item-06c7d94\">\n  \n\t<div class=\"ue-slno\">\n      4                  \n  \t<\/div>\n    <div class=\"ue-info\">\n      \n      \t      \t\t    \t      \t\n      \t<h3 class=\"ue-title\">[ XOF ...... ]<\/h3>      \t        <div class=\"ue-description\"><\/div>      \t      \t\t      \t    <\/div>\n<\/div>\n\n\n            <\/div>\n          <\/div>\n    <\/div>\n<!-- end Vertical Curved Timeline -->\t\t\t\t<\/div>\n\t\t\t\t<\/div>\n\t\t\t\t<div class=\"elementor-element elementor-element-69c23690 elementor-widget elementor-widget-ucaddon_color_overlay_button\" data-id=\"69c23690\" data-element_type=\"widget\" data-widget_type=\"ucaddon_color_overlay_button.default\">\n\t\t\t\t<div class=\"elementor-widget-container\">\n\t\t\t\t\t\n<!-- start Overlay Button -->\n<style>\/* widget: Overlay Button *\/\n\n#uc_color_overlay_button_elementor_69c23690 a.color-overlay-link\n{\n  display:inline-block;\n  position:relative;\n  text-decoration:none;\n  overflow:hidden;\n}\n\n#uc_color_overlay_button_elementor_69c23690 a span.ue-color-overlay\n{\n  display:block;\n  position:absolute;\n  top:0px;\n  right:0px;\n}\n\n#uc_color_overlay_button_elementor_69c23690 a .ue-btn-txt\n{\n  position:relative;\n  display: flex;\n  align-items: center;\n  flex-direction: row;\n}\n#uc_color_overlay_button_elementor_69c23690 a .ue-btn-txt svg\n{\n  width:1em;\n  height:1em;\n}\n\n<\/style>\n\n<div id=\"uc_color_overlay_button_elementor_69c23690\" class=\"color-overlay-button\">\n  <a href=\"#\" class=\"color-overlay-link\" >\n    <span class=\"ue-color-overlay\"><\/span>\n    <span class=\"ue-btn-txt\">MAKE A DONATION <\/span>\n  <\/a>\n<\/div>\n<!-- end Overlay Button -->\t\t\t\t<\/div>\n\t\t\t\t<\/div>\n\t\t\t\t<\/div>\n\t\t\t\t<\/div>\n\t\t\t\t<\/div>\n\t\t\t\t<\/div>","protected":false},"excerpt":{"rendered":"<p>Notre Vision B\u00e2tir une soci\u00e9t\u00e9 inclusive par la valorisation des langues et des savoirs endog\u00e8nes. Notre Vision : Les communaut\u00e9s africaines contribuent au d\u00e9veloppement \u00e9quitable et durable du continent gr\u00e2ce [&hellip;]<\/p>","protected":false},"author":1,"featured_media":0,"parent":0,"menu_order":0,"comment_status":"closed","ping_status":"closed","template":"elementor_header_footer","meta":{"give_campaign_id":0,"_eb_attr":"","footnotes":""},"class_list":["post-6778","page","type-page","status-publish","hentry"],"blocksy_meta":[],"campaignId":"","_links":{"self":[{"href":"https:\/\/ared-edu.org\/en\/wp-json\/wp\/v2\/pages\/6778","targetHints":{"allow":["GET"]}}],"collection":[{"href":"https:\/\/ared-edu.org\/en\/wp-json\/wp\/v2\/pages"}],"about":[{"href":"https:\/\/ared-edu.org\/en\/wp-json\/wp\/v2\/types\/page"}],"author":[{"embeddable":true,"href":"https:\/\/ared-edu.org\/en\/wp-json\/wp\/v2\/users\/1"}],"replies":[{"embeddable":true,"href":"https:\/\/ared-edu.org\/en\/wp-json\/wp\/v2\/comments?post=6778"}],"version-history":[{"count":5,"href":"https:\/\/ared-edu.org\/en\/wp-json\/wp\/v2\/pages\/6778\/revisions"}],"predecessor-version":[{"id":6789,"href":"https:\/\/ared-edu.org\/en\/wp-json\/wp\/v2\/pages\/6778\/revisions\/6789"}],"wp:attachment":[{"href":"https:\/\/ared-edu.org\/en\/wp-json\/wp\/v2\/media?parent=6778"}],"curies":[{"name":"wp","href":"https:\/\/api.w.org\/{rel}","templated":true}]}}